{"id":621,"date":"2017-08-30T07:38:06","date_gmt":"2017-08-30T05:38:06","guid":{"rendered":"http:\/\/h166996.web201.dogado.net\/?page_id=621"},"modified":"2020-10-09T01:15:50","modified_gmt":"2020-10-08T23:15:50","slug":"event","status":"publish","type":"page","link":"https:\/\/xolay.com\/de\/event\/","title":{"rendered":"Events"},"content":{"rendered":"<h2 style='display: none;' class='new-entry-title' id='new-entry-title'><\/h2>\n[et_pb_section fb_built=&#8220;1&#8243; admin_label=&#8220;section&#8220; _builder_version=&#8220;4.4.3&#8243; hover_enabled=&#8220;0&#8243; background_color=&#8220;#f6f6f6&#8243;][et_pb_row _builder_version=&#8220;4.4.2&#8243;][et_pb_column type=&#8220;4_4&#8243; _builder_version=&#8220;4.4.2&#8243;][et_pb_image src=&#8220;https:\/\/xolay.com\/wp-content\/uploads\/2017\/11\/20280571_316592845419493_1965949535992281173_o.jpg&#8220; _builder_version=&#8220;4.4.2&#8243;][\/et_pb_image][\/et_pb_column][\/et_pb_row][et_pb_row _builder_version=&#8220;4.4.3&#8243; hover_enabled=&#8220;0&#8243;][et_pb_column type=&#8220;4_4&#8243; _builder_version=&#8220;4.4.3&#8243; hover_enabled=&#8220;0&#8243; background_color=&#8220;#ffffff&#8220;][et_pb_text _builder_version=&#8220;4.4.3&#8243; hover_enabled=&#8220;0&#8243; text_font_size=&#8220;16px&#8220; header_font_size=&#8220;32px&#8220; header_line_height=&#8220;1.2em&#8220; header_2_font_size=&#8220;25px&#8220; header_2_line_height=&#8220;1.2em&#8220; header_2_text_align=&#8220;center&#8220; header_text_align=&#8220;center&#8220; custom_padding=&#8220;32px|32px|32px|32px|false|false&#8220;]<h1>Tischtennis-Events<\/h1>\n<h2>Unser Angebot f\u00fcr Freundeskreise, Vereine, Geburtstage und Betriebsfeiern!<\/h2>\n<p>Du willst Spa\u00df und ein Event mit Freunden, deinem Verein oder eine gelungene Betriebsfeier? Wir organisieren f\u00fcr dich in der Contra TT World ein vielf\u00e4ltiges Tischtennisprogramm mit Musik, Spa\u00df, Showkampf, Essen und Trinken und vielem mehr!<\/p>\n<p>\u2713 Turniersystem in 2er, 3er, 4er oder 5er Teams mit Einzel-, Doppel- und Rundenwettbewerbe<\/p>\n<p>\u2713 Bei der Many-Ball Methode bekommt ein Spieler von einem Zuspieler B\u00e4lle eingespielt, mit denen er verschiedene Ziele auf dem Tisch treffen muss<\/p>\n<p>\u2713 Spielen am Ballroboter<\/p>\n<p>\u2713 Riesenrunde um 4 Tische mit uns beiden als feste Zuspieler an zwei Tischen<\/p>\n<p>\u2713 Showkampf von den Regionalligaspielern und Veranstaltern der Tischtennis-Schule Leon Abich und Simon Moschall<\/p>\n<p>\u2713 Schl\u00e4ger, B\u00e4lle und Spielmaterial werden von uns auf Wunsch gerne zur Verf\u00fcgung gestellt<\/p>\n<p>\u2713 Spielen am Mini-Tisch uvm.<\/p>\n<p>In der Contra TT World haben wir die perfekten Bedingungen, ein solches Event durchzuf\u00fchren. Wir haben einen Schl\u00fcssel f\u00fcr die Halle und k\u00f6nnen ungest\u00f6rt nach Schlie\u00dfung des Shops das Tischtennisevent steigen lassen.<\/p>\n<p>Wir freuen uns auf euch!<\/p>\n<p>Simon &amp; Leon<\/p>[\/et_pb_text][\/et_pb_column][\/et_pb_row][et_pb_row column_structure=&#8220;1_2,1_2&#8243; _builder_version=&#8220;4.4.3&#8243; hover_enabled=&#8220;0&#8243; make_equal=&#8220;on&#8220;][et_pb_column type=&#8220;1_2&#8243; _builder_version=&#8220;4.4.3&#8243; hover_enabled=&#8220;0&#8243; background_color=&#8220;#ffffff&#8220; custom_padding=&#8220;32px|32px|32px|32px|false|false&#8220;][et_pb_text _builder_version=&#8220;4.4.3&#8243; hover_enabled=&#8220;0&#8243; text_font_size=&#8220;16px&#8220; text_orientation=&#8220;center&#8220;]<p>&#8222;Das hat totalen Spa\u00df gemacht mit den beiden. Wir sind eine absolute Anf\u00e4ngertruppe gewesen und wir hatten eine super Zeit in der Halle. Viele haben jetzt sogar Lust h\u00e4ufiger Tischtennis zu spielen. Die Mischung aus Turnier und lockerer Atmosph\u00e4re mit Getr\u00e4nken war super. Es war ein sehr gelungener Abend und danke nochmal f\u00fcr die Tricks, die ihr uns Hobbyspielern beibringen konntet. Wir freuen uns schon, im n\u00e4chsten Jahr wiederzukommen.&#8220;<\/p>\n<p>Michael<\/p>[\/et_pb_text][\/et_pb_column][et_pb_column type=&#8220;1_2&#8243; _builder_version=&#8220;4.4.2&#8243; background_color=&#8220;#ffffff&#8220; custom_padding=&#8220;32px|32px|32px|32px|false|false&#8220;][et_pb_text _builder_version=&#8220;4.4.2&#8243;]<h4 style=\"text-align: center;\">Bei Interesse an einem Tischtennisevent<\/h4>\n<h4 style=\"text-align: center;\">melden Sie sich bitte per E-Mail unter<\/h4>\n<p style=\"text-align: center;\"><a href=\"mailto:info@xolay.com\" target=\"_blank\" rel=\"noopener noreferrer\">info@xolay.com<\/a><\/p>\n<h4 style=\"text-align: center;\">oder per Telefon<\/h4>\n<h4 style=\"text-align: center;\">015140552871.<\/h4>\n<h4 style=\"text-align: center;\">Wir freuen uns auf das Event mit euch!<\/h4>[\/et_pb_text][\/et_pb_column][\/et_pb_row][et_pb_row column_structure=&#8220;1_3,1_3,1_3&#8243; _builder_version=&#8220;4.4.2&#8243;][et_pb_column type=&#8220;1_3&#8243; _builder_version=&#8220;4.4.2&#8243;][et_pb_image src=&#8220;https:\/\/xolay.com\/wp-content\/uploads\/2016\/03\/image-28.jpeg&#8220; _builder_version=&#8220;4.4.2&#8243;][\/et_pb_image][\/et_pb_column][et_pb_column type=&#8220;1_3&#8243; _builder_version=&#8220;4.4.2&#8243;][et_pb_image src=&#8220;https:\/\/xolay.com\/wp-content\/uploads\/2016\/03\/image-29.jpeg&#8220; _builder_version=&#8220;4.4.2&#8243;][\/et_pb_image][\/et_pb_column][et_pb_column type=&#8220;1_3&#8243; _builder_version=&#8220;4.4.2&#8243;][et_pb_image src=&#8220;https:\/\/xolay.com\/wp-content\/uploads\/2016\/03\/image-25.jpeg&#8220; _builder_version=&#8220;4.4.2&#8243;][\/et_pb_image][\/et_pb_column][\/et_pb_row][\/et_pb_section]\n","protected":false},"excerpt":{"rendered":"","protected":false},"author":1,"featured_media":1005,"parent":0,"menu_order":0,"comment_status":"closed","ping_status":"closed","template":"","meta":{"_et_pb_use_builder":"on","_et_pb_old_content":"[vc_row type=\"in_container\" scene_position=\"center\" text_color=\"dark\" text_align=\"left\" overlay_strength=\"0.3\"][vc_column column_padding=\"no-extra-padding\" column_padding_position=\"all\" background_color_opacity=\"1\" background_hover_color_opacity=\"1\" width=\"1\/1\"][nectar_slider location=\"firmenevent\" flexible_slider_height=\"true\" full_width=\"true\" arrow_navigation=\"true\" overall_style=\"classic\" parallax=\"true\" slider_transition=\"slide\" button_sizing=\"regular\" slider_height=\"900\"][\/vc_column][\/vc_row][vc_row type=\"in_container\" equal_height=\"yes\" scene_position=\"center\" text_color=\"dark\" text_align=\"left\" overlay_strength=\"0.3\"][vc_column boxed=\"true\" centered_text=\"true\" column_padding=\"padding-4-percent\" column_padding_position=\"all\" background_color_opacity=\"1\" background_hover_color_opacity=\"1\" width=\"1\/1\"][\/vc_column][\/vc_row][vc_row type=\"in_container\" equal_height=\"yes\" scene_position=\"center\" text_color=\"dark\" text_align=\"left\" overlay_strength=\"0.3\"][vc_column boxed=\"true\" centered_text=\"true\" column_padding=\"padding-4-percent\" column_padding_position=\"all\" background_color_opacity=\"1\" background_hover_color_opacity=\"1\" width=\"1\/1\"][vc_column_text]\r\n<h2 style=\"text-align: center;\"><\/h2>\r\n<h2 style=\"text-align: center;\">Unser Angebot\u00a0f\u00fcr Freundeskreise,\r\nTischtennisvereine, Geburtstage und Betriebsfeiern!<\/h2>\r\n<p style=\"line-height: 34px; font-size: 18px; text-align: center;\">Du willst Spa\u00df und ein Event mit Freunden, deinem Verein oder eine gelungene Betriebsfeier?<\/p>\r\n<p style=\"line-height: 34px; font-size: 18px; text-align: center;\">Wir organisieren f\u00fcr dich in der Contra TT World ein vielf\u00e4ltiges Tischtennisprogramm<\/p>\r\n<p style=\"line-height: 34px; font-size: 18px; text-align: center;\">mit Musik, Spa\u00df, Showkampf, Essen und Trinken und vielem mehr!<\/p>\r\n<p style=\"line-height: 34px; font-size: 18px; text-align: left;\">\u2713 Turniersystem in 2er, 3er, 4er oder 5er Teams mit Einzel-, Doppel- und Rundenwettbewerbe<\/p>\r\n<p style=\"line-height: 34px; font-size: 18px; text-align: left;\">\u2713 Bei der Many-Ball Methode bekommt ein Spieler von einem Zuspieler\u00a0B\u00e4lle eingespielt, mit denen er verschiedene Ziele auf dem Tisch treffen muss<\/p>\r\n<p style=\"line-height: 34px; font-size: 18px; text-align: left;\">\u2713 Spielen am Ballroboter<\/p>\r\n<p style=\"line-height: 34px; font-size: 18px; text-align: left;\">\u2713 Riesenrunde um 4 Tische mit uns beiden als feste Zuspieler an zwei Tischen<\/p>\r\n<p style=\"line-height: 34px; font-size: 18px; text-align: left;\">\u2713 Showkampf von den Regionalligaspielern und Veranstaltern der Tischtennis-Schule Leon Abich und Simon Moschall<\/p>\r\n<p style=\"line-height: 34px; font-size: 18px; text-align: left;\">\u2713 Schl\u00e4ger, B\u00e4lle und Spielmaterial werden von uns auf Wunsch gerne zur Verf\u00fcgung gestellt<\/p>\r\n<p style=\"line-height: 34px; font-size: 18px; text-align: left;\">\u2713 Spielen am Mini-Tisch uvm.<\/p>\r\n<p style=\"line-height: 34px; font-size: 18px; text-align: left;\">In der Contra TT World haben wir die perfekten Bedingungen, ein solches Event durchzuf\u00fchren. Wir haben einen Schl\u00fcssel f\u00fcr die Halle und k\u00f6nnen ungest\u00f6rt nach Schlie\u00dfung des Shops das Tischtennisevent steigen lassen.<\/p>\r\n<p style=\"line-height: 34px; font-size: 18px; text-align: left;\">Wir freuen uns auf euch!<\/p>\r\n<p style=\"line-height: 34px; font-size: 18px; text-align: left;\">Simon und Leon<\/p>\r\n[\/vc_column_text][\/vc_column][\/vc_row][vc_row type=\"in_container\" scene_position=\"center\" text_color=\"dark\" text_align=\"left\" overlay_strength=\"0.3\"][vc_column boxed=\"true\" centered_text=\"true\" column_padding=\"no-extra-padding\" column_padding_position=\"all\" background_color_opacity=\"1\" background_hover_color_opacity=\"1\" width=\"1\/2\"][vc_column_text]\r\n<blockquote><strong><em>\"Das hat totalen Spa\u00df gemacht mit den beiden. Wir sind eine absolute Anf\u00e4ngertruppe gewesen und wir hatten eine super Zeit in der Halle. Viele haben jetzt sogar Lust h\u00e4ufiger Tischtennis zu spielen. Die Mischung aus Turnier und lockerer Atmosph\u00e4re mit Getr\u00e4nken war super. Es war ein sehr gelungener Abend und danke nochmal f\u00fcr die Tricks, die ihr uns Hobbyspielern beibringen konntet. Wir freuen uns schon im n\u00e4chsten Jahr wiederzukommen.\"<\/em><\/strong><\/blockquote>\r\n<p style=\"text-align: center;\">Michael<\/p>\r\n[\/vc_column_text][\/vc_column][vc_column boxed=\"true\" centered_text=\"true\" column_padding=\"no-extra-padding\" column_padding_position=\"all\" background_color_opacity=\"1\" background_hover_color_opacity=\"1\" width=\"1\/2\"][vc_column_text]\r\n<h4 style=\"text-align: center;\">Bei Interesse an einem Tischtennisevent<\/h4>\r\n<h4 style=\"text-align: center;\">melden Sie sich bitte per E-Mail unter<\/h4>\r\n<p style=\"text-align: center;\">[icon color=\"Extra-Color-1\" animation_speed=\"Slow\" size=\"small\" icon_size=\"\" animation_delay=\"\" image=\"fa-envelope-o\"]\u00a0<a href=\"mailto:info@xolay.com\" target=\"_blank\" rel=\"noopener noreferrer\">info@xolay.com<\/a><\/p>\r\n\r\n<h4 style=\"text-align: center;\">oder per Telefon<\/h4>\r\n<h4 style=\"text-align: center;\">015140552871.<\/h4>\r\n<h4 style=\"text-align: center;\">Wir freuen uns auf das Event mit euch!<\/h4>\r\n[\/vc_column_text][\/vc_column][\/vc_row][vc_row type=\"in_container\" scene_position=\"center\" text_color=\"dark\" text_align=\"left\" overlay_strength=\"0.3\"][vc_column column_padding=\"no-extra-padding\" column_padding_position=\"all\" background_color_opacity=\"1\" background_hover_color_opacity=\"1\" width=\"1\/3\"][image_with_animation image_url=\"336\" alignment=\"\" animation=\"Fade In\"][\/vc_column][vc_column column_padding=\"no-extra-padding\" column_padding_position=\"all\" background_color_opacity=\"1\" background_hover_color_opacity=\"1\" width=\"1\/3\"][image_with_animation image_url=\"338\" alignment=\"\" animation=\"Fade In\"][\/vc_column][vc_column column_padding=\"no-extra-padding\" column_padding_position=\"all\" background_color_opacity=\"1\" background_hover_color_opacity=\"1\" width=\"1\/3\"][image_with_animation image_url=\"332\" alignment=\"\" animation=\"Fade In\"][\/vc_column][\/vc_row]","_et_gb_content_width":""},"yoast_head":"<!-- This site is optimized with the Yoast SEO plugin v19.4 - https:\/\/yoast.com\/wordpress\/plugins\/seo\/ -->\n<title>Tischtennis-Events \u2013 Feiern und Spa\u00df haben im Xolay<\/title>\n<meta name=\"description\" content=\"Wir organisieren dein Tischtennis Event f\u00fcr dich! \u2713 Turniersystem \u2713 Showkampf \u2713 Teambuilding \u2713 Riesenrunde \u2713 Essen \u2713 Trinken \u2713 Musik und eine Menge Spa\u00df! Das einmaliges Erlebnis f\u00fcr Euch!\" \/>\n<meta name=\"robots\" content=\"index, follow, max-snippet:-1, max-image-preview:large, max-video-preview:-1\" \/>\n<link rel=\"canonical\" href=\"https:\/\/xolay.com\/de\/event\/\" \/>\n<meta property=\"og:locale\" content=\"de_DE\" \/>\n<meta property=\"og:type\" content=\"article\" \/>\n<meta property=\"og:title\" content=\"Tischtennis-Events \u2013 Feiern und Spa\u00df haben im Xolay\" \/>\n<meta property=\"og:description\" content=\"Wir organisieren dein Tischtennis Event f\u00fcr dich! \u2713 Turniersystem \u2713 Showkampf \u2713 Teambuilding \u2713 Riesenrunde \u2713 Essen \u2713 Trinken \u2713 Musik und eine Menge Spa\u00df! Das einmaliges Erlebnis f\u00fcr Euch!\" \/>\n<meta property=\"og:url\" content=\"https:\/\/xolay.com\/de\/event\/\" \/>\n<meta property=\"og:site_name\" content=\"XOLAY\" \/>\n<meta property=\"article:publisher\" content=\"https:\/\/de-de.facebook.com\/TischtennistrainingHamburg\/\" \/>\n<meta property=\"article:modified_time\" content=\"2020-10-08T23:15:50+00:00\" \/>\n<meta property=\"og:image\" content=\"https:\/\/xolay.com\/wp-content\/uploads\/2018\/05\/Tischtennisschule-Hamburg-\u2013-Events.jpg\" \/>\n\t<meta property=\"og:image:width\" content=\"1024\" \/>\n\t<meta property=\"og:image:height\" content=\"768\" \/>\n\t<meta property=\"og:image:type\" content=\"image\/jpeg\" \/>\n<meta name=\"twitter:card\" content=\"summary_large_image\" \/>\n<meta name=\"twitter:label1\" content=\"Gesch\u00e4tzte Lesezeit\" \/>\n\t<meta name=\"twitter:data1\" content=\"3\u00a0Minuten\" \/>\n<script type=\"application\/ld+json\" class=\"yoast-schema-graph\">{\"@context\":\"https:\/\/schema.org\",\"@graph\":[{\"@type\":\"WebSite\",\"@id\":\"https:\/\/xolay.com\/#website\",\"url\":\"https:\/\/xolay.com\/\",\"name\":\"XOLAY\",\"description\":\"Tischtennisschule Hamburg\",\"potentialAction\":[{\"@type\":\"SearchAction\",\"target\":{\"@type\":\"EntryPoint\",\"urlTemplate\":\"https:\/\/xolay.com\/?s={search_term_string}\"},\"query-input\":\"required name=search_term_string\"}],\"inLanguage\":\"de\"},{\"@type\":\"WebPage\",\"@id\":\"https:\/\/xolay.com\/de\/event\/\",\"url\":\"https:\/\/xolay.com\/de\/event\/\",\"name\":\"Tischtennis-Events \u2013 Feiern und Spa\u00df haben im Xolay\",\"isPartOf\":{\"@id\":\"https:\/\/xolay.com\/#website\"},\"datePublished\":\"2017-08-30T05:38:06+00:00\",\"dateModified\":\"2020-10-08T23:15:50+00:00\",\"description\":\"Wir organisieren dein Tischtennis Event f\u00fcr dich! \u2713 Turniersystem \u2713 Showkampf \u2713 Teambuilding \u2713 Riesenrunde \u2713 Essen \u2713 Trinken \u2713 Musik und eine Menge Spa\u00df! Das einmaliges Erlebnis f\u00fcr Euch!\",\"breadcrumb\":{\"@id\":\"https:\/\/xolay.com\/de\/event\/#breadcrumb\"},\"inLanguage\":\"de\",\"potentialAction\":[{\"@type\":\"ReadAction\",\"target\":[\"https:\/\/xolay.com\/de\/event\/\"]}]},{\"@type\":\"BreadcrumbList\",\"@id\":\"https:\/\/xolay.com\/de\/event\/#breadcrumb\",\"itemListElement\":[{\"@type\":\"ListItem\",\"position\":1,\"name\":\"Startseite\",\"item\":\"https:\/\/xolay.com\/de\/\"},{\"@type\":\"ListItem\",\"position\":2,\"name\":\"Events\"}]}]}<\/script>\n<!-- \/ Yoast SEO plugin. -->","yoast_head_json":{"title":"Tischtennis-Events \u2013 Feiern und Spa\u00df haben im Xolay","description":"Wir organisieren dein Tischtennis Event f\u00fcr dich! \u2713 Turniersystem \u2713 Showkampf \u2713 Teambuilding \u2713 Riesenrunde \u2713 Essen \u2713 Trinken \u2713 Musik und eine Menge Spa\u00df! Das einmaliges Erlebnis f\u00fcr Euch!","robots":{"index":"index","follow":"follow","max-snippet":"max-snippet:-1","max-image-preview":"max-image-preview:large","max-video-preview":"max-video-preview:-1"},"canonical":"https:\/\/xolay.com\/de\/event\/","og_locale":"de_DE","og_type":"article","og_title":"Tischtennis-Events \u2013 Feiern und Spa\u00df haben im Xolay","og_description":"Wir organisieren dein Tischtennis Event f\u00fcr dich! \u2713 Turniersystem \u2713 Showkampf \u2713 Teambuilding \u2713 Riesenrunde \u2713 Essen \u2713 Trinken \u2713 Musik und eine Menge Spa\u00df! Das einmaliges Erlebnis f\u00fcr Euch!","og_url":"https:\/\/xolay.com\/de\/event\/","og_site_name":"XOLAY","article_publisher":"https:\/\/de-de.facebook.com\/TischtennistrainingHamburg\/","article_modified_time":"2020-10-08T23:15:50+00:00","og_image":[{"width":"1024","height":"768","url":"https:\/\/xolay.com\/wp-content\/uploads\/2018\/05\/Tischtennisschule-Hamburg-\u2013-Events.jpg","type":"image\/jpeg"}],"twitter_card":"summary_large_image","twitter_misc":{"Gesch\u00e4tzte Lesezeit":"3\u00a0Minuten"},"schema":{"@context":"https:\/\/schema.org","@graph":[{"@type":"WebSite","@id":"https:\/\/xolay.com\/#website","url":"https:\/\/xolay.com\/","name":"XOLAY","description":"Tischtennisschule Hamburg","potentialAction":[{"@type":"SearchAction","target":{"@type":"EntryPoint","urlTemplate":"https:\/\/xolay.com\/?s={search_term_string}"},"query-input":"required name=search_term_string"}],"inLanguage":"de"},{"@type":"WebPage","@id":"https:\/\/xolay.com\/de\/event\/","url":"https:\/\/xolay.com\/de\/event\/","name":"Tischtennis-Events \u2013 Feiern und Spa\u00df haben im Xolay","isPartOf":{"@id":"https:\/\/xolay.com\/#website"},"datePublished":"2017-08-30T05:38:06+00:00","dateModified":"2020-10-08T23:15:50+00:00","description":"Wir organisieren dein Tischtennis Event f\u00fcr dich! \u2713 Turniersystem \u2713 Showkampf \u2713 Teambuilding \u2713 Riesenrunde \u2713 Essen \u2713 Trinken \u2713 Musik und eine Menge Spa\u00df! Das einmaliges Erlebnis f\u00fcr Euch!","breadcrumb":{"@id":"https:\/\/xolay.com\/de\/event\/#breadcrumb"},"inLanguage":"de","potentialAction":[{"@type":"ReadAction","target":["https:\/\/xolay.com\/de\/event\/"]}]},{"@type":"BreadcrumbList","@id":"https:\/\/xolay.com\/de\/event\/#breadcrumb","itemListElement":[{"@type":"ListItem","position":1,"name":"Startseite","item":"https:\/\/xolay.com\/de\/"},{"@type":"ListItem","position":2,"name":"Events"}]}]}},"_links":{"self":[{"href":"https:\/\/xolay.com\/de\/wp-json\/wp\/v2\/pages\/621"}],"collection":[{"href":"https:\/\/xolay.com\/de\/wp-json\/wp\/v2\/pages"}],"about":[{"href":"https:\/\/xolay.com\/de\/wp-json\/wp\/v2\/types\/page"}],"author":[{"embeddable":true,"href":"https:\/\/xolay.com\/de\/wp-json\/wp\/v2\/users\/1"}],"replies":[{"embeddable":true,"href":"https:\/\/xolay.com\/de\/wp-json\/wp\/v2\/comments?post=621"}],"version-history":[{"count":0,"href":"https:\/\/xolay.com\/de\/wp-json\/wp\/v2\/pages\/621\/revisions"}],"wp:featuredmedia":[{"embeddable":true,"href":"https:\/\/xolay.com\/de\/wp-json\/wp\/v2\/media\/1005"}],"wp:attachment":[{"href":"https:\/\/xolay.com\/de\/wp-json\/wp\/v2\/media?parent=621"}],"curies":[{"name":"wp","href":"https:\/\/api.w.org\/{rel}","templated":true}]}}