{"id":3524,"date":"2021-02-20T12:43:46","date_gmt":"2021-02-20T11:43:46","guid":{"rendered":"http:\/\/localhost\/xolay.com\/?page_id=3451"},"modified":"2026-02-19T15:23:12","modified_gmt":"2026-02-19T14:23:12","slug":"gruppentraining","status":"publish","type":"page","link":"https:\/\/xolay.com\/de\/gruppentraining\/","title":{"rendered":"Gruppentraining"},"content":{"rendered":"<h2 style='display: none;' class='new-entry-title' id='new-entry-title'><\/h2>\n<p>[et_pb_section fb_built=&#8220;1&#8243; _builder_version=&#8220;4.4.2&#8243; background_color=&#8220;#f6f6f6&#8243; custom_padding=&#8220;0px|||||&#8220;][et_pb_row _builder_version=&#8220;4.4.2&#8243;][et_pb_column type=&#8220;4_4&#8243; _builder_version=&#8220;4.4.2&#8243;][et_pb_image src=&#8220;http:\/\/xolay.com\/wp-content\/uploads\/2018\/03\/Bild-Gruppentraining.jpg&#8220; _builder_version=&#8220;4.4.2&#8243;][\/et_pb_image][\/et_pb_column][\/et_pb_row][et_pb_row _builder_version=&#8220;4.4.2&#8243;][et_pb_column type=&#8220;4_4&#8243; _builder_version=&#8220;4.4.2&#8243; background_color=&#8220;#ffffff&#8220;][et_pb_text _builder_version=&#8220;4.9.0&#8243; text_font=&#8220;Open Sans Regular||||||||&#8220; text_text_color=&#8220;#000000&#8243; text_font_size=&#8220;16px&#8220; text_line_height=&#8220;1.8em&#8220; header_font=&#8220;Open Sans Regular||||||||&#8220; header_text_align=&#8220;center&#8220; header_text_color=&#8220;#4d4d4d&#8220; header_font_size=&#8220;35px&#8220; header_line_height=&#8220;1.2em&#8220; header_2_font=&#8220;Open Sans Regular||||||||&#8220; header_2_text_align=&#8220;center&#8220; header_2_text_color=&#8220;#4d4d4d&#8220; header_2_font_size=&#8220;28px&#8220; header_2_line_height=&#8220;1.2em&#8220; custom_padding=&#8220;32px|32px|32px|32px|false|false&#8220; hover_enabled=&#8220;0&#8243; sticky_enabled=&#8220;0&#8243;]<\/p>\n<h1>Professionelles Gruppentraining<\/h1>\n<h2>Systematisch in einer kleinen Gruppe trainieren<\/h2>\n<p style=\"text-align: center;\"><strong><br \/> Unser Gruppentraining findet immer am Dienstag, Mittwoch und Donnerstag von 19 &#8211; 20:30 Uhr statt.<br \/> Melde dich jetzt f\u00fcr das Training an einem der Tage unter <a href=\"mailto:info@xolay.com\">info@xolay.com<\/a>\u00a0oder bei Simon unter 0151 40552871 an.\u00a0<\/strong><\/p>\n<p style=\"text-align: left;\">Du willst einmal die Woche oder ab und an mal richtig strukturiertes Training haben? Wir bieten dir die Gelegenheit dazu!<br \/> In der CONTRA TT-World findet jede Woche im Jahr an drei Tagen unser Kleingruppentraining statt. Jeden Dienstag, Mittwoch und Donnerstag von 19:00 bis 20:30 Uhr gibt es f\u00fcr dich die M\u00f6glichkeit, systematisch und professionell in einer kleinen Trainingsgruppe zu trainieren. Komm vorbei und gib mit uns Vollgas!<\/p>\n<h2>Das Training<\/h2>\n<p>Jeden Dienstag arbeitet Philipp Gericke aus der Regionalliga immer akribisch und mit viel Spa\u00df an eurem Spielsystem und Tischtennis. Mittwochs zeigt Simon euch dann jede Woche, wie ihr besser Tischtennis spielen k\u00f6nnt und am Donnerstag trainiert Harun mit euch und verbessert euer Spiel.<br \/> Selbst ein einmaliges Training bei uns in der Tischtennischule bringt euch viel, weil jemand mit viel Erfahrung und Tischtenniskenntnis euer Spiel und die Bewegungsabl\u00e4ufe und Techniken anschaut. Wir schauen uns deine\u00a0<a style=\"text-decoration: underline;\" href=\"http:\/\/xolay.com\/tischtennisaufschlag\/\">Aufschl\u00e4ge<\/a> an, analysieren deine R\u00fcckschl\u00e4ge und helfen dir, besser Tischtennis zu spielen.<br \/> Es gibt immer Balleimertraining, direkte Videoanalysen am Tisch\u00a0in Slow Motion und nat\u00fcrlich gibt es einen strukturierten und gut durchdachten Trainingsplan.<\/p>\n<h2>Dein Erfolg<\/h2>\n<p>Wir k\u00f6nnen uns intensiv um jeden einzelnen von euch im Gruppentraining k\u00fcmmern. Vorab k\u00f6nnt ihr uns eure W\u00fcnsche und Probleme mitteilen und wir sorgen daf\u00fcr, dass diese in Erf\u00fcllung gehen beziehungsweise sich eure Probleme aufl\u00f6sen. Es ist dabei egal, ob ihr Schwierigkeiten mit der Er\u00f6ffnung auf Unterschnitt habt, eure Aufschl\u00e4ge verbessern m\u00f6chtet oder ob ihr besser im Wettkampf spielen wollt \u2013 wir helfen euch dabei und stellen sicher, dass ihr mit unserem Gruppentraining Erfolg im Tischtennis habt.<\/p>\n<h2>Und Action&#8230;<\/h2>\n<p>Schreibe uns kurz und sichere dir deinen Platz in der kleinen Trainingsgruppe. Du kannst aber auch gerne spontan vorbeikommen.<br \/> Wir sind immer am Dienstag, Mittwoch und Donnerstag um 19 Uhr in der Halle. Wir freuen uns auf dich!<br \/> Simon, Harun &amp; Philipp<\/p>\n<p>[\/et_pb_text][\/et_pb_column][\/et_pb_row][et_pb_row column_structure=&#8220;1_2,1_2&#8243; make_equal=&#8220;on&#8220; _builder_version=&#8220;4.4.7&#8243;][et_pb_column type=&#8220;1_2&#8243; _builder_version=&#8220;4.4.2&#8243; background_color=&#8220;#ffffff&#8220; custom_padding=&#8220;32px|32px|32px|32px|false|false&#8220;][et_pb_text _builder_version=&#8220;4.4.2&#8243; text_font=&#8220;||on||||||&#8220; text_font_size=&#8220;16px&#8220; text_orientation=&#8220;center&#8220;]<\/p>\n<p>\u201eIch freue mich schon auf das regelm\u00e4\u00dfige Gruppentraining! Die Lehrg\u00e4nge sind super, aber ich m\u00f6chte das Training mit den \u00dcbungen und dem Balleimer gerne regelm\u00e4\u00dfig haben.\u201c<\/p>\n<p>Konstantin, Bezirksliga<\/p>\n<p>[\/et_pb_text][\/et_pb_column][et_pb_column type=&#8220;1_2&#8243; _builder_version=&#8220;4.4.7&#8243; background_color=&#8220;#ffffff&#8220; custom_padding=&#8220;||||false|false&#8220;][et_pb_text _builder_version=&#8220;4.9.0&#8243; text_font=&#8220;Open Sans Regular||||||||&#8220; text_font_size=&#8220;18px&#8220; header_font=&#8220;Open Sans Regular||||||||&#8220; header_2_font=&#8220;Open Sans Regular||||||||&#8220; header_2_text_align=&#8220;center&#8220; header_2_font_size=&#8220;28px&#8220; header_3_font=&#8220;Open Sans Regular||||||||&#8220; custom_margin=&#8220;||0px||false|false&#8220; custom_padding=&#8220;32px|32px|0px|32px|false|false&#8220; hover_enabled=&#8220;0&#8243; sticky_enabled=&#8220;0&#8243;]<\/p>\n<p>Anfragen f\u00fcr das Gruppentraining am Dienstag, Mittwoch oder Donnerstag (jeweils um 19 Uhr) f\u00fcr 30,- \u20ac pro Trainingseinheit (90 min).<\/p>\n<p>[\/et_pb_text][et_pb_blurb use_icon=&#8220;on&#8220; font_icon=&#8220;%%153%%&#8220; icon_color=&#8220;#FFFFFF&#8220; use_circle=&#8220;on&#8220; icon_placement=&#8220;left&#8220; _builder_version=&#8220;4.4.3&#8243; body_text_align=&#8220;left&#8220; body_font_size=&#8220;18px&#8220; body_line_height=&#8220;1.8em&#8220; custom_margin=&#8220;||0px||false|false&#8220; custom_padding=&#8220;16px|32px|8px|32px|false|false&#8220; link_option_url=&#8220;mailto:info@xolay.com&#8220; locked=&#8220;off&#8220;]E-Mail schreiben[\/et_pb_blurb][et_pb_blurb use_icon=&#8220;on&#8220; font_icon=&#8220;%%264%%&#8220; icon_color=&#8220;#FFFFFF&#8220; use_circle=&#8220;on&#8220; icon_placement=&#8220;left&#8220; _builder_version=&#8220;4.4.3&#8243; body_text_align=&#8220;left&#8220; body_font_size=&#8220;18px&#8220; body_line_height=&#8220;1.8em&#8220; custom_margin=&#8220;||||false|false&#8220; custom_padding=&#8220;16px|32px|16px|32px|false|false&#8220; custom_padding_tablet=&#8220;&#8220; custom_padding_phone=&#8220;&#8220; custom_padding_last_edited=&#8220;on|desktop&#8220; link_option_url=&#8220;tel:015140552871&#8243; locked=&#8220;off&#8220;]Jetzt anrufen[\/et_pb_blurb][\/et_pb_column][\/et_pb_row][et_pb_row column_structure=&#8220;1_3,1_3,1_3&#8243; _builder_version=&#8220;4.4.2&#8243; locked=&#8220;off&#8220;][et_pb_column type=&#8220;1_3&#8243; _builder_version=&#8220;4.4.2&#8243;][et_pb_text admin_label=&#8220;Text&#8220; _builder_version=&#8220;4.6.1&#8243; _dynamic_attributes=&#8220;link_option_url&#8220; _module_preset=&#8220;default&#8220; text_font=&#8220;|700|||||||&#8220; text_font_size=&#8220;20px&#8220; text_orientation=&#8220;center&#8220; link_option_url=&#8220;@ET-DC@eyJkeW5hbWljIjp0cnVlLCJjb250ZW50IjoicG9zdF9saW5rX3VybF9wYWdlIiwic2V0dGluZ3MiOnsicG9zdF9pZCI6IjkifX0=@&#8220;]Einzeltraining[\/et_pb_text][et_pb_blurb title=&#8220;Mehr erfahren&#8230;&#8220; image=&#8220;http:\/\/xolay.com\/wp-content\/uploads\/2016\/04\/img_30681-e1465847012318.jpg&#8220; admin_label=&#8220;Informationstext&#8220; _builder_version=&#8220;4.6.1&#8243; _dynamic_attributes=&#8220;link_option_url&#8220; _module_preset=&#8220;default&#8220; body_font_size=&#8220;16px&#8220; link_option_url=&#8220;@ET-DC@eyJkeW5hbWljIjp0cnVlLCJjb250ZW50IjoicG9zdF9saW5rX3VybF9wYWdlIiwic2V0dGluZ3MiOnsicG9zdF9pZCI6IjkifX0=@&#8220;][\/et_pb_blurb][\/et_pb_column][et_pb_column type=&#8220;1_3&#8243; _builder_version=&#8220;4.4.2&#8243;][et_pb_text admin_label=&#8220;Text&#8220; _builder_version=&#8220;4.6.1&#8243; _dynamic_attributes=&#8220;link_option_url&#8220; _module_preset=&#8220;default&#8220; text_font=&#8220;|700|||||||&#8220; text_font_size=&#8220;20px&#8220; text_orientation=&#8220;center&#8220; link_option_url=&#8220;@ET-DC@eyJkeW5hbWljIjp0cnVlLCJjb250ZW50IjoicG9zdF9saW5rX3VybF9wYWdlIiwic2V0dGluZ3MiOnsicG9zdF9pZCI6IjExIn19@&#8220;]Lehrg\u00e4nge[\/et_pb_text][et_pb_blurb title=&#8220;Mehr erfahren&#8230;&#8220; image=&#8220;http:\/\/xolay.com\/wp-content\/uploads\/2016\/03\/image-15-e1461070303971.jpeg&#8220; admin_label=&#8220;Informationstext&#8220; _builder_version=&#8220;4.6.1&#8243; _dynamic_attributes=&#8220;link_option_url&#8220; _module_preset=&#8220;default&#8220; body_font_size=&#8220;16px&#8220; link_option_url=&#8220;@ET-DC@eyJkeW5hbWljIjp0cnVlLCJjb250ZW50IjoicG9zdF9saW5rX3VybF9wYWdlIiwic2V0dGluZ3MiOnsicG9zdF9pZCI6IjExIn19@&#8220;][\/et_pb_blurb][\/et_pb_column][et_pb_column type=&#8220;1_3&#8243; _builder_version=&#8220;4.4.2&#8243;][et_pb_text admin_label=&#8220;Text&#8220; _builder_version=&#8220;4.6.1&#8243; _dynamic_attributes=&#8220;link_option_url&#8220; _module_preset=&#8220;default&#8220; text_font=&#8220;|700|||||||&#8220; text_font_size=&#8220;20px&#8220; text_orientation=&#8220;center&#8220; link_option_url=&#8220;@ET-DC@eyJkeW5hbWljIjp0cnVlLCJjb250ZW50IjoicG9zdF9saW5rX3VybF9wYWdlIiwic2V0dGluZ3MiOnsicG9zdF9pZCI6IjE5NzQifX0=@&#8220;]Premium Coaching[\/et_pb_text][et_pb_blurb title=&#8220;Mehr erfahren&#8230;&#8220; image=&#8220;http:\/\/xolay.com\/wp-content\/uploads\/2016\/03\/image-3.jpeg&#8220; admin_label=&#8220;Informationstext&#8220; _builder_version=&#8220;4.6.1&#8243; _dynamic_attributes=&#8220;link_option_url&#8220; _module_preset=&#8220;default&#8220; body_font_size=&#8220;16px&#8220; link_option_url=&#8220;@ET-DC@eyJkeW5hbWljIjp0cnVlLCJjb250ZW50IjoicG9zdF9saW5rX3VybF9wYWdlIiwic2V0dGluZ3MiOnsicG9zdF9pZCI6IjE5NzQifX0=@&#8220;][\/et_pb_blurb][\/et_pb_column][\/et_pb_row][\/et_pb_section]<\/p>\n","protected":false},"excerpt":{"rendered":"<p>[et_pb_section fb_built=&#8220;1&#8243; _builder_version=&#8220;4.4.2&#8243; background_color=&#8220;#f6f6f6&#8243; custom_padding=&#8220;0px|||||&#8220;][et_pb_row _builder_version=&#8220;4.4.2&#8243;][et_pb_column type=&#8220;4_4&#8243; _builder_version=&#8220;4.4.2&#8243;][et_pb_image src=&#8220;http:\/\/xolay.com\/wp-content\/uploads\/2018\/03\/Bild-Gruppentraining.jpg&#8220; _builder_version=&#8220;4.4.2&#8243;][\/et_pb_image][\/et_pb_column][\/et_pb_row][et_pb_row _builder_version=&#8220;4.4.2&#8243;][et_pb_column type=&#8220;4_4&#8243; _builder_version=&#8220;4.4.2&#8243; background_color=&#8220;#ffffff&#8220;][et_pb_text _builder_version=&#8220;4.9.0&#8243; text_font=&#8220;Open Sans Regular||||||||&#8220; text_text_color=&#8220;#000000&#8243; text_font_size=&#8220;16px&#8220; text_line_height=&#8220;1.8em&#8220; header_font=&#8220;Open Sans Regular||||||||&#8220; header_text_align=&#8220;center&#8220; header_text_color=&#8220;#4d4d4d&#8220; header_font_size=&#8220;35px&#8220; header_line_height=&#8220;1.2em&#8220; header_2_font=&#8220;Open Sans Regular||||||||&#8220; header_2_text_align=&#8220;center&#8220; header_2_text_color=&#8220;#4d4d4d&#8220; header_2_font_size=&#8220;28px&#8220; header_2_line_height=&#8220;1.2em&#8220; custom_padding=&#8220;32px|32px|32px|32px|false|false&#8220; hover_enabled=&#8220;0&#8243; sticky_enabled=&#8220;0&#8243;] Professionelles Gruppentraining Systematisch in einer kleinen Gruppe trainieren Unser Gruppentraining findet immer am Dienstag, Mittwoch und Donnerstag [&hellip;]<\/p>\n","protected":false},"author":5,"featured_media":924,"parent":0,"menu_order":0,"comment_status":"closed","ping_status":"closed","template":"","meta":{"_et_pb_use_builder":"on","_et_pb_old_content":"[vc_row type=\"in_container\" scene_position=\"center\" text_color=\"dark\" text_align=\"left\" overlay_strength=\"0.3\"][vc_column column_padding=\"no-extra-padding\" column_padding_position=\"all\" background_color_opacity=\"1\" background_hover_color_opacity=\"1\" width=\"1\/1\"][nectar_slider location=\"gruppentraining\" flexible_slider_height=\"true\" full_width=\"true\" arrow_navigation=\"true\" overall_style=\"classic\" parallax=\"true\" slider_transition=\"slide\" button_sizing=\"regular\" slider_height=\"900\"][\/vc_column][\/vc_row][vc_row type=\"in_container\" equal_height=\"yes\" scene_position=\"center\" text_color=\"dark\" text_align=\"left\" overlay_strength=\"0.3\"][vc_column boxed=\"true\" centered_text=\"true\" column_padding=\"padding-4-percent\" column_padding_position=\"all\" background_color_opacity=\"1\" background_hover_color_opacity=\"1\" width=\"1\/1\"][\/vc_column][\/vc_row][vc_row type=\"in_container\" equal_height=\"yes\" scene_position=\"center\" text_color=\"dark\" text_align=\"left\" overlay_strength=\"0.3\"][vc_column boxed=\"true\" centered_text=\"true\" column_padding=\"padding-4-percent\" column_padding_position=\"all\" background_color_opacity=\"1\" background_hover_color_opacity=\"1\" width=\"1\/1\"][vc_column_text]\n<h1 style=\"text-align: center;\">Das systematische Gruppentraining\nin einer kleinen Gruppe in der &nbsp;Contra TT World<\/h1>\n<p style=\"line-height: 34px; font-size: 18px; text-align: center;\">Aufgrund der Ma\u00dfnahmen zur Eind\u00e4mmung des Corona-Virus wird das Gruppentraining bis zum 30.04.2020 ausgesetzt.\nSobald sich alles beruhigt hat,\nsind wir wieder f\u00fcr euch da und dann geht\u00b4s ab!\nDu willst einmal die Woche oder ab und an mal richtig strukturiertes Training haben?\nWir bieten dir die Gelegenheit dazu!\nIn der TT World findet jede Woche im Jahr zwei Mal unser Kleingruppentraining statt.\nJeden Dienstag und Donnerstag von 19:00 - 20:30 Uhr gibt es f\u00fcr dich die M\u00f6glichkeit\nsystematisch und professionell in einer kleinen Trainingsgruppe zu trainieren.<\/p>\n\n<h2 style=\"line-height: 34px; font-size: 18px; text-align: center;\"><strong>Das Training<\/strong><\/h2>\n<p style=\"line-height: 34px; font-size: 18px; text-align: center;\">Jeden Dienstag arbeitet Simon immer akribisch und mit viel Spa\u00df\nan eurem Spielsystem und Tischtennis.\nDonnerstags zeigt Leon euch dann jede Woche,\nwie ihr besser Tischtennis spielen k\u00f6nnt und trainiert euch.\nSelbst ein einmaliges Training bei uns in der TT-Schule bringt euch viel,\nweil jemand mit viel Erfahrung und Tischtenniskenntnis\neuer Spiel und die Bewegungsabl\u00e4ufe und Techniken anschaut.\nWir schauen uns deine&nbsp;<a style=\"text-decoration: underline;\" href=\"http:\/\/xolay.com\/tischtennisaufschlag\/\">Aufschl\u00e4ge<\/a> an,\nanalysieren deine R\u00fcckschl\u00e4ge und helfen dir,\nbesser Tischtennis zu spielen.\nEs gibt immer Balleimertraining, direkte Videoanalysen\nam Tisch&nbsp;in <em>Slow Motion<\/em> und nat\u00fcrlich\ngibt es einen strukturierten und gut durchdachten Trainingsplan.<\/p>\n\n<h2 style=\"line-height: 34px; font-size: 18px; text-align: center;\"><strong>Dein Erfolg<\/strong><\/h2>\n<p style=\"line-height: 34px; font-size: 18px; text-align: center;\">Meistens sind wir nicht viele Spieler, sodass wir individuell miteinander arbeiten k\u00f6nnen.\nDu wirst bereits nach einem Training merken, wie viel dir so eine Einheit bringt.\nIm neuen Jahr l\u00e4uft zus\u00e4tzlich eine Aktion f\u00fcr euch:\nWenn ihr jemanden mitbringt, der noch nicht bei uns beim Kleingruppentraining war,\ndarf diese Person kostenlos mittrainieren.\nOder ihr teilt euch den Preis und trainiert dann beide bei uns f\u00fcr 12,50\u20ac\n90 Minuten mit Analysen und am Balleimer.<\/p>\n\n<h2 style=\"line-height: 34px; font-size: 18px; text-align: center;\"><strong>Action<\/strong><\/h2>\n<p style=\"line-height: 34px; font-size: 18px; text-align: center;\">Schreibe uns kurz an und sicher dir\ndeinen Platz in der kleinen Trainingsgruppe.\nDu kannst aber auch gerne spontan vorbeikommen.\nWir sind immer am Dienstag und Donnerstag um 19 Uhr in der Halle.\nWir freuen uns auf dich!\nSimon &amp; Leon<\/p>\n[\/vc_column_text][\/vc_column][\/vc_row][vc_row type=\"in_container\" scene_position=\"center\" text_color=\"dark\" text_align=\"left\" overlay_strength=\"0.3\"][vc_column boxed=\"true\" centered_text=\"true\" column_padding=\"no-extra-padding\" column_padding_position=\"all\" background_color_opacity=\"1\" background_hover_color_opacity=\"1\" width=\"1\/2\"][vc_column_text]\n<blockquote><strong><em>\"Ich freue mich schon auf\ndas regelm\u00e4\u00dfige Gruppentraining!\nDie Lehrg\u00e4nge sind super,\naber ich m\u00f6chte das Training mit den\n\u00dcbungen und den dem Balleimer\ngerne regelm\u00e4\u00dfig haben.\"<\/em><\/strong><\/blockquote>\n<p style=\"text-align: center;\">Konstantin, Bezirksliga<\/p>\n[\/vc_column_text][\/vc_column][vc_column boxed=\"true\" centered_text=\"true\" column_padding=\"no-extra-padding\" column_padding_position=\"all\" background_color_opacity=\"1\" background_hover_color_opacity=\"1\" width=\"1\/2\"][vc_column_text]\n<h2 style=\"text-align: center;\">Trainingsanfragen f\u00fcr<\/h2>\n<h2 style=\"text-align: center;\">dienstags oder donnerstags<\/h2>\n<h2 style=\"text-align: center;\">19:00 - 20:30 Uhr f\u00fcr<\/h2>\n<h2 style=\"text-align: center;\">25\u20ac pro Trainingseinheit (90 min)<\/h2>\n<h2 style=\"text-align: center;\">unter:<\/h2>\n<p style=\"text-align: center;\">[icon color=\"Extra-Color-1\" animation_speed=\"Slow\" size=\"small\" icon_size=\"\" animation_delay=\"\" image=\"fa-envelope-o\"]&nbsp;<a href=\"mailto:info@xolay.com\" target=\"_blank\" rel=\"noopener noreferrer\">info@xolay.com<\/a><\/p>\n[\/vc_column_text][\/vc_column][\/vc_row][vc_row type=\"in_container\" scene_position=\"center\" text_color=\"dark\" text_align=\"left\" overlay_strength=\"0.3\"][vc_column column_padding=\"no-extra-padding\" column_padding_position=\"all\" background_color_opacity=\"1\" background_hover_color_opacity=\"1\" width=\"1\/3\"][image_with_animation image_url=\"336\" alignment=\"\" animation=\"Fade In\"][\/vc_column][vc_column column_padding=\"no-extra-padding\" column_padding_position=\"all\" background_color_opacity=\"1\" background_hover_color_opacity=\"1\" width=\"1\/3\"][image_with_animation image_url=\"338\" alignment=\"\" animation=\"Fade In\"][\/vc_column][vc_column column_padding=\"no-extra-padding\" column_padding_position=\"all\" background_color_opacity=\"1\" background_hover_color_opacity=\"1\" width=\"1\/3\"][image_with_animation image_url=\"332\" alignment=\"\" animation=\"Fade In\"][\/vc_column][\/vc_row]","_et_gb_content_width":""},"yoast_head":"<!-- This site is optimized with the Yoast SEO plugin v19.4 - https:\/\/yoast.com\/wordpress\/plugins\/seo\/ -->\n<title>Tischtennis-Gruppentraining \u2013 Wie bei den Profis | Xolay<\/title>\n<meta name=\"description\" content=\"Effektives Tischtennis-Systemtraining in einer kleinen Gruppe. Jeden Dienstag und Donnerstag arbeiten wir an Deiner Technik. \u27a5 Komm einfach vorbei.\" \/>\n<meta name=\"robots\" content=\"index, follow, max-snippet:-1, max-image-preview:large, max-video-preview:-1\" \/>\n<link rel=\"canonical\" href=\"https:\/\/xolay.com\/de\/gruppentraining\/\" \/>\n<meta property=\"og:locale\" content=\"de_DE\" \/>\n<meta property=\"og:type\" content=\"article\" \/>\n<meta property=\"og:title\" content=\"Tischtennis-Gruppentraining \u2013 Wie bei den Profis | Xolay\" \/>\n<meta property=\"og:description\" content=\"Effektives Tischtennis-Systemtraining in einer kleinen Gruppe. Jeden Dienstag und Donnerstag arbeiten wir an Deiner Technik. \u27a5 Komm einfach vorbei.\" \/>\n<meta property=\"og:url\" content=\"https:\/\/xolay.com\/de\/gruppentraining\/\" \/>\n<meta property=\"og:site_name\" content=\"XOLAY\" \/>\n<meta property=\"article:publisher\" content=\"https:\/\/de-de.facebook.com\/TischtennistrainingHamburg\/\" \/>\n<meta property=\"article:modified_time\" content=\"2026-02-19T14:23:12+00:00\" \/>\n<meta property=\"og:image\" content=\"https:\/\/xolay.com\/wp-content\/uploads\/2018\/03\/Bild-Gruppentraining-1.jpg\" \/>\n\t<meta property=\"og:image:width\" content=\"1024\" \/>\n\t<meta property=\"og:image:height\" content=\"764\" \/>\n\t<meta property=\"og:image:type\" content=\"image\/jpeg\" \/>\n<meta name=\"twitter:card\" content=\"summary_large_image\" \/>\n<meta name=\"twitter:label1\" content=\"Gesch\u00e4tzte Lesezeit\" \/>\n\t<meta name=\"twitter:data1\" content=\"6\u00a0Minuten\" \/>\n<script type=\"application\/ld+json\" class=\"yoast-schema-graph\">{\"@context\":\"https:\/\/schema.org\",\"@graph\":[{\"@type\":\"WebSite\",\"@id\":\"https:\/\/xolay.com\/#website\",\"url\":\"https:\/\/xolay.com\/\",\"name\":\"XOLAY\",\"description\":\"Tischtennisschule Hamburg\",\"potentialAction\":[{\"@type\":\"SearchAction\",\"target\":{\"@type\":\"EntryPoint\",\"urlTemplate\":\"https:\/\/xolay.com\/?s={search_term_string}\"},\"query-input\":\"required name=search_term_string\"}],\"inLanguage\":\"de\"},{\"@type\":\"WebPage\",\"@id\":\"https:\/\/xolay.com\/de\/gruppentraining\/\",\"url\":\"https:\/\/xolay.com\/de\/gruppentraining\/\",\"name\":\"Tischtennis-Gruppentraining \u2013 Wie bei den Profis | Xolay\",\"isPartOf\":{\"@id\":\"https:\/\/xolay.com\/#website\"},\"datePublished\":\"2021-02-20T11:43:46+00:00\",\"dateModified\":\"2026-02-19T14:23:12+00:00\",\"description\":\"Effektives Tischtennis-Systemtraining in einer kleinen Gruppe. Jeden Dienstag und Donnerstag arbeiten wir an Deiner Technik. \u27a5 Komm einfach vorbei.\",\"breadcrumb\":{\"@id\":\"https:\/\/xolay.com\/de\/gruppentraining\/#breadcrumb\"},\"inLanguage\":\"de\",\"potentialAction\":[{\"@type\":\"ReadAction\",\"target\":[\"https:\/\/xolay.com\/de\/gruppentraining\/\"]}]},{\"@type\":\"BreadcrumbList\",\"@id\":\"https:\/\/xolay.com\/de\/gruppentraining\/#breadcrumb\",\"itemListElement\":[{\"@type\":\"ListItem\",\"position\":1,\"name\":\"Startseite\",\"item\":\"https:\/\/xolay.com\/de\/\"},{\"@type\":\"ListItem\",\"position\":2,\"name\":\"Gruppentraining\"}]}]}<\/script>\n<!-- \/ Yoast SEO plugin. -->","yoast_head_json":{"title":"Tischtennis-Gruppentraining \u2013 Wie bei den Profis | Xolay","description":"Effektives Tischtennis-Systemtraining in einer kleinen Gruppe. Jeden Dienstag und Donnerstag arbeiten wir an Deiner Technik. \u27a5 Komm einfach vorbei.","robots":{"index":"index","follow":"follow","max-snippet":"max-snippet:-1","max-image-preview":"max-image-preview:large","max-video-preview":"max-video-preview:-1"},"canonical":"https:\/\/xolay.com\/de\/gruppentraining\/","og_locale":"de_DE","og_type":"article","og_title":"Tischtennis-Gruppentraining \u2013 Wie bei den Profis | Xolay","og_description":"Effektives Tischtennis-Systemtraining in einer kleinen Gruppe. Jeden Dienstag und Donnerstag arbeiten wir an Deiner Technik. \u27a5 Komm einfach vorbei.","og_url":"https:\/\/xolay.com\/de\/gruppentraining\/","og_site_name":"XOLAY","article_publisher":"https:\/\/de-de.facebook.com\/TischtennistrainingHamburg\/","article_modified_time":"2026-02-19T14:23:12+00:00","og_image":[{"width":1024,"height":764,"url":"https:\/\/xolay.com\/wp-content\/uploads\/2018\/03\/Bild-Gruppentraining-1.jpg","type":"image\/jpeg"}],"twitter_card":"summary_large_image","twitter_misc":{"Gesch\u00e4tzte Lesezeit":"6\u00a0Minuten"},"schema":{"@context":"https:\/\/schema.org","@graph":[{"@type":"WebSite","@id":"https:\/\/xolay.com\/#website","url":"https:\/\/xolay.com\/","name":"XOLAY","description":"Tischtennisschule Hamburg","potentialAction":[{"@type":"SearchAction","target":{"@type":"EntryPoint","urlTemplate":"https:\/\/xolay.com\/?s={search_term_string}"},"query-input":"required name=search_term_string"}],"inLanguage":"de"},{"@type":"WebPage","@id":"https:\/\/xolay.com\/de\/gruppentraining\/","url":"https:\/\/xolay.com\/de\/gruppentraining\/","name":"Tischtennis-Gruppentraining \u2013 Wie bei den Profis | Xolay","isPartOf":{"@id":"https:\/\/xolay.com\/#website"},"datePublished":"2021-02-20T11:43:46+00:00","dateModified":"2026-02-19T14:23:12+00:00","description":"Effektives Tischtennis-Systemtraining in einer kleinen Gruppe. Jeden Dienstag und Donnerstag arbeiten wir an Deiner Technik. \u27a5 Komm einfach vorbei.","breadcrumb":{"@id":"https:\/\/xolay.com\/de\/gruppentraining\/#breadcrumb"},"inLanguage":"de","potentialAction":[{"@type":"ReadAction","target":["https:\/\/xolay.com\/de\/gruppentraining\/"]}]},{"@type":"BreadcrumbList","@id":"https:\/\/xolay.com\/de\/gruppentraining\/#breadcrumb","itemListElement":[{"@type":"ListItem","position":1,"name":"Startseite","item":"https:\/\/xolay.com\/de\/"},{"@type":"ListItem","position":2,"name":"Gruppentraining"}]}]}},"_links":{"self":[{"href":"https:\/\/xolay.com\/de\/wp-json\/wp\/v2\/pages\/3524"}],"collection":[{"href":"https:\/\/xolay.com\/de\/wp-json\/wp\/v2\/pages"}],"about":[{"href":"https:\/\/xolay.com\/de\/wp-json\/wp\/v2\/types\/page"}],"author":[{"embeddable":true,"href":"https:\/\/xolay.com\/de\/wp-json\/wp\/v2\/users\/5"}],"replies":[{"embeddable":true,"href":"https:\/\/xolay.com\/de\/wp-json\/wp\/v2\/comments?post=3524"}],"version-history":[{"count":18,"href":"https:\/\/xolay.com\/de\/wp-json\/wp\/v2\/pages\/3524\/revisions"}],"predecessor-version":[{"id":47774,"href":"https:\/\/xolay.com\/de\/wp-json\/wp\/v2\/pages\/3524\/revisions\/47774"}],"wp:featuredmedia":[{"embeddable":true,"href":"https:\/\/xolay.com\/de\/wp-json\/wp\/v2\/media\/924"}],"wp:attachment":[{"href":"https:\/\/xolay.com\/de\/wp-json\/wp\/v2\/media?parent=3524"}],"curies":[{"name":"wp","href":"https:\/\/api.w.org\/{rel}","templated":true}]}}