{"id":1866,"date":"2020-04-06T19:34:33","date_gmt":"2020-04-06T17:34:33","guid":{"rendered":"http:\/\/h166996.web201.dogado.net\/?page_id=1866"},"modified":"2020-05-30T15:32:16","modified_gmt":"2020-05-30T13:32:16","slug":"spin-college-news","status":"publish","type":"page","link":"https:\/\/xolay.com\/de\/spin-college-news\/","title":{"rendered":"Xolay News"},"content":{"rendered":"<h2 style='display: none;' class='new-entry-title' id='new-entry-title'><\/h2>\n<p>[et_pb_section fb_built=&#8220;1&#8243; _builder_version=&#8220;4.4.2&#8243; background_color=&#8220;#f6f6f6&#8243;][et_pb_row _builder_version=&#8220;4.4.7&#8243;][et_pb_column type=&#8220;4_4&#8243; _builder_version=&#8220;4.4.7&#8243; background_color=&#8220;#ffffff&#8220; box_shadow_style=&#8220;preset4&#8243; box_shadow_horizontal=&#8220;3px&#8220; box_shadow_vertical=&#8220;3px&#8220; box_shadow_blur=&#8220;6px&#8220;][et_pb_text _builder_version=&#8220;4.4.5&#8243; text_font=&#8220;Open Sans Regular||||||||&#8220; text_font_size=&#8220;16px&#8220; header_font=&#8220;Open Sans Regular||||||||&#8220; header_text_align=&#8220;center&#8220; header_text_color=&#8220;#4d4d4d&#8220; header_font_size=&#8220;35px&#8220; header_line_height=&#8220;1.2em&#8220; custom_padding=&#8220;32px|32px|32px|32px|false|false&#8220; hover_enabled=&#8220;0&#8243;]<\/p>\n<h1>Aktuell informiert mit den \u201eXolay News\u201c<\/h1>\n<p>Melde Dich f\u00fcr die kostenlosen \u201eXolay News\u201c an und erhalte jeden Monat interessante Informationen rund um die Tischtennisschule direkt in Deinen Postkorb.<\/p>\n<p>[\/et_pb_text][\/et_pb_column][\/et_pb_row][et_pb_row column_structure=&#8220;2_5,3_5&#8243; _builder_version=&#8220;4.4.2&#8243; background_color=&#8220;#f6f6f6&#8243; custom_margin=&#8220;||||false|false&#8220; custom_padding=&#8220;0px||||false|false&#8220;][et_pb_column type=&#8220;2_5&#8243; _builder_version=&#8220;4.4.2&#8243; background_enable_color=&#8220;off&#8220;][et_pb_blurb title=&#8220;Ank\u00fcndigungen &#038; News&#8220; use_icon=&#8220;on&#8220; font_icon=&#8220;%%72%%&#8220; icon_color=&#8220;#000000&#8243; icon_placement=&#8220;left&#8220; _builder_version=&#8220;4.4.7&#8243; header_level=&#8220;h2&#8243; header_font=&#8220;Open Sans Regular||||||||&#8220; header_text_color=&#8220;#4d4d4d&#8220; body_font=&#8220;Open Sans Regular||||||||&#8220; body_font_size=&#8220;16px&#8220; background_color=&#8220;#ffffff&#8220; custom_padding=&#8220;32px|32px|32px|16px|false|false&#8220; hover_enabled=&#8220;0&#8243; box_shadow_style=&#8220;preset4&#8243; box_shadow_horizontal=&#8220;3px&#8220; box_shadow_vertical=&#8220;3px&#8220; box_shadow_blur=&#8220;6px&#8220;]<\/p>\n<p>Erhalte Informationen zu den n\u00e4chsten Lehrg\u00e4ngen und Berichte rund um den Tischtennissport.<\/p>\n<p>[\/et_pb_blurb][et_pb_blurb title=&#8220;Tipps &#038; Tricks, Testberichte&#8220; use_icon=&#8220;on&#8220; font_icon=&#8220;%%101%%&#8220; icon_color=&#8220;#000000&#8243; icon_placement=&#8220;left&#8220; _builder_version=&#8220;4.4.7&#8243; header_level=&#8220;h2&#8243; header_font=&#8220;Open Sans Regular||||||||&#8220; header_text_color=&#8220;#4d4d4d&#8220; body_font=&#8220;Open Sans Regular||||||||&#8220; body_font_size=&#8220;16px&#8220; background_color=&#8220;#ffffff&#8220; custom_padding=&#8220;32px|32px|32px|16px|false|false&#8220; hover_enabled=&#8220;0&#8243; box_shadow_style=&#8220;preset4&#8243; box_shadow_horizontal=&#8220;3px&#8220; box_shadow_vertical=&#8220;3px&#8220; box_shadow_blur=&#8220;6px&#8220;]<\/p>\n<p>Verbessere Dein Spiel mit passenden Ratschl\u00e4gen, erfahre Neues \u00fcber H\u00f6lzer und Bel\u00e4ge.<\/p>\n<p>[\/et_pb_blurb][\/et_pb_column][et_pb_column type=&#8220;3_5&#8243; _builder_version=&#8220;4.4.2&#8243; background_color=&#8220;#ffffff&#8220;][et_pb_code admin_label=&#8220;Anmeldeformular&#8220; _builder_version=&#8220;4.4.7&#8243; custom_padding=&#8220;16px|32px|32px|32px|false|true&#8220; hover_enabled=&#8220;0&#8243; box_shadow_style=&#8220;preset4&#8243; box_shadow_horizontal=&#8220;3px&#8220; box_shadow_vertical=&#8220;3px&#8220; box_shadow_blur=&#8220;6px&#8220;]<script id=\"n2g_script\">!function(e,t,n,c,r,a,i){e.Newsletter2GoTrackingObject=r,e[r]=e[r]||function(){(e[r].q=e[r].q||[]).push(arguments)},e[r].l=1*new Date,a=t.createElement(n),i=t.getElementsByTagName(n)[0],a.async=1,a.src=c,i.parentNode.insertBefore(a,i)}(window,document,\"script\",\"https:\/\/static.newsletter2go.com\/utils.js\",\"n2g\");var config = {\"container\": {\"type\": \"div\",\"class\": \"\",\"style\": \"\"},\"row\": {\"type\": \"div\",\"class\": \"\",\"style\": \"margin-top: 16px;\"},\"columnLeft\": {\"type\": \"div\",\"class\": \"\",\"style\": \"\"},\"columnRight\": {\"type\": \"div\",\"class\": \"\",\"style\": \"\"},\"label\": {\"type\": \"label\",\"class\": \"\",\"style\": \"font-size: 16px\"},\"message\": {\"type\": \"h2\",\"class\": \"\",\"id\": \"\",\"style\": \"text-align: left; font-size: 26px; line-height: 1.2em;\"}};n2g('create', 'yf9s8acn-rcqreu03-9kk');n2g('subscribe:createForm', config);<\/script>[\/et_pb_code][\/et_pb_column][\/et_pb_row][\/et_pb_section]<\/p>\n","protected":false},"excerpt":{"rendered":"<p>[et_pb_section fb_built=&#8220;1&#8243; _builder_version=&#8220;4.4.2&#8243; background_color=&#8220;#f6f6f6&#8243;][et_pb_row _builder_version=&#8220;4.4.7&#8243;][et_pb_column type=&#8220;4_4&#8243; _builder_version=&#8220;4.4.7&#8243; background_color=&#8220;#ffffff&#8220; box_shadow_style=&#8220;preset4&#8243; box_shadow_horizontal=&#8220;3px&#8220; box_shadow_vertical=&#8220;3px&#8220; box_shadow_blur=&#8220;6px&#8220;][et_pb_text _builder_version=&#8220;4.4.5&#8243; text_font=&#8220;Open Sans Regular||||||||&#8220; text_font_size=&#8220;16px&#8220; header_font=&#8220;Open Sans Regular||||||||&#8220; header_text_align=&#8220;center&#8220; header_text_color=&#8220;#4d4d4d&#8220; header_font_size=&#8220;35px&#8220; header_line_height=&#8220;1.2em&#8220; custom_padding=&#8220;32px|32px|32px|32px|false|false&#8220; hover_enabled=&#8220;0&#8243;] Aktuell informiert mit den \u201eXolay News\u201c Melde Dich f\u00fcr die kostenlosen \u201eXolay News\u201c an und erhalte jeden Monat interessante Informationen rund um die Tischtennisschule direkt in Deinen Postkorb. [\/et_pb_text][\/et_pb_column][\/et_pb_row][et_pb_row [&hellip;]<\/p>\n","protected":false},"author":5,"featured_media":0,"parent":0,"menu_order":0,"comment_status":"closed","ping_status":"closed","template":"","meta":{"_et_pb_use_builder":"on","_et_pb_old_content":"","_et_gb_content_width":""},"yoast_head":"<!-- This site is optimized with the Yoast SEO plugin v19.4 - https:\/\/yoast.com\/wordpress\/plugins\/seo\/ -->\n<title>Xolay News - XOLAY<\/title>\n<meta name=\"description\" content=\"Bleibe informiert und erhalte Nachrichten rund um die Tischtennisschule. Melde Dich f\u00fcr die kostenlosen \u201eXolay News\u201c an.\" \/>\n<meta name=\"robots\" content=\"index, follow, max-snippet:-1, max-image-preview:large, max-video-preview:-1\" \/>\n<link rel=\"canonical\" href=\"https:\/\/xolay.com\/de\/spin-college-news\/\" \/>\n<meta property=\"og:locale\" content=\"de_DE\" \/>\n<meta property=\"og:type\" content=\"article\" \/>\n<meta property=\"og:title\" content=\"Xolay News - XOLAY\" \/>\n<meta property=\"og:description\" content=\"Bleibe informiert und erhalte Nachrichten rund um die Tischtennisschule. Melde Dich f\u00fcr die kostenlosen \u201eXolay News\u201c an.\" \/>\n<meta property=\"og:url\" content=\"https:\/\/xolay.com\/de\/spin-college-news\/\" \/>\n<meta property=\"og:site_name\" content=\"XOLAY\" \/>\n<meta property=\"article:publisher\" content=\"https:\/\/de-de.facebook.com\/TischtennistrainingHamburg\/\" \/>\n<meta property=\"article:modified_time\" content=\"2020-05-30T13:32:16+00:00\" \/>\n<meta name=\"twitter:card\" content=\"summary_large_image\" \/>\n<meta name=\"twitter:label1\" content=\"Gesch\u00e4tzte Lesezeit\" \/>\n\t<meta name=\"twitter:data1\" content=\"2\u00a0Minuten\" \/>\n<script type=\"application\/ld+json\" class=\"yoast-schema-graph\">{\"@context\":\"https:\/\/schema.org\",\"@graph\":[{\"@type\":\"WebSite\",\"@id\":\"https:\/\/xolay.com\/#website\",\"url\":\"https:\/\/xolay.com\/\",\"name\":\"XOLAY\",\"description\":\"Tischtennisschule Hamburg\",\"potentialAction\":[{\"@type\":\"SearchAction\",\"target\":{\"@type\":\"EntryPoint\",\"urlTemplate\":\"https:\/\/xolay.com\/?s={search_term_string}\"},\"query-input\":\"required name=search_term_string\"}],\"inLanguage\":\"de\"},{\"@type\":\"WebPage\",\"@id\":\"https:\/\/xolay.com\/de\/spin-college-news\/\",\"url\":\"https:\/\/xolay.com\/de\/spin-college-news\/\",\"name\":\"Xolay News - XOLAY\",\"isPartOf\":{\"@id\":\"https:\/\/xolay.com\/#website\"},\"datePublished\":\"2020-04-06T17:34:33+00:00\",\"dateModified\":\"2020-05-30T13:32:16+00:00\",\"description\":\"Bleibe informiert und erhalte Nachrichten rund um die Tischtennisschule. Melde Dich f\u00fcr die kostenlosen \u201eXolay News\u201c an.\",\"breadcrumb\":{\"@id\":\"https:\/\/xolay.com\/de\/spin-college-news\/#breadcrumb\"},\"inLanguage\":\"de\",\"potentialAction\":[{\"@type\":\"ReadAction\",\"target\":[\"https:\/\/xolay.com\/de\/spin-college-news\/\"]}]},{\"@type\":\"BreadcrumbList\",\"@id\":\"https:\/\/xolay.com\/de\/spin-college-news\/#breadcrumb\",\"itemListElement\":[{\"@type\":\"ListItem\",\"position\":1,\"name\":\"Startseite\",\"item\":\"https:\/\/xolay.com\/de\/\"},{\"@type\":\"ListItem\",\"position\":2,\"name\":\"Xolay News\"}]}]}<\/script>\n<!-- \/ Yoast SEO plugin. -->","yoast_head_json":{"title":"Xolay News - XOLAY","description":"Bleibe informiert und erhalte Nachrichten rund um die Tischtennisschule. Melde Dich f\u00fcr die kostenlosen \u201eXolay News\u201c an.","robots":{"index":"index","follow":"follow","max-snippet":"max-snippet:-1","max-image-preview":"max-image-preview:large","max-video-preview":"max-video-preview:-1"},"canonical":"https:\/\/xolay.com\/de\/spin-college-news\/","og_locale":"de_DE","og_type":"article","og_title":"Xolay News - XOLAY","og_description":"Bleibe informiert und erhalte Nachrichten rund um die Tischtennisschule. Melde Dich f\u00fcr die kostenlosen \u201eXolay News\u201c an.","og_url":"https:\/\/xolay.com\/de\/spin-college-news\/","og_site_name":"XOLAY","article_publisher":"https:\/\/de-de.facebook.com\/TischtennistrainingHamburg\/","article_modified_time":"2020-05-30T13:32:16+00:00","twitter_card":"summary_large_image","twitter_misc":{"Gesch\u00e4tzte Lesezeit":"2\u00a0Minuten"},"schema":{"@context":"https:\/\/schema.org","@graph":[{"@type":"WebSite","@id":"https:\/\/xolay.com\/#website","url":"https:\/\/xolay.com\/","name":"XOLAY","description":"Tischtennisschule Hamburg","potentialAction":[{"@type":"SearchAction","target":{"@type":"EntryPoint","urlTemplate":"https:\/\/xolay.com\/?s={search_term_string}"},"query-input":"required name=search_term_string"}],"inLanguage":"de"},{"@type":"WebPage","@id":"https:\/\/xolay.com\/de\/spin-college-news\/","url":"https:\/\/xolay.com\/de\/spin-college-news\/","name":"Xolay News - XOLAY","isPartOf":{"@id":"https:\/\/xolay.com\/#website"},"datePublished":"2020-04-06T17:34:33+00:00","dateModified":"2020-05-30T13:32:16+00:00","description":"Bleibe informiert und erhalte Nachrichten rund um die Tischtennisschule. Melde Dich f\u00fcr die kostenlosen \u201eXolay News\u201c an.","breadcrumb":{"@id":"https:\/\/xolay.com\/de\/spin-college-news\/#breadcrumb"},"inLanguage":"de","potentialAction":[{"@type":"ReadAction","target":["https:\/\/xolay.com\/de\/spin-college-news\/"]}]},{"@type":"BreadcrumbList","@id":"https:\/\/xolay.com\/de\/spin-college-news\/#breadcrumb","itemListElement":[{"@type":"ListItem","position":1,"name":"Startseite","item":"https:\/\/xolay.com\/de\/"},{"@type":"ListItem","position":2,"name":"Xolay News"}]}]}},"_links":{"self":[{"href":"https:\/\/xolay.com\/de\/wp-json\/wp\/v2\/pages\/1866"}],"collection":[{"href":"https:\/\/xolay.com\/de\/wp-json\/wp\/v2\/pages"}],"about":[{"href":"https:\/\/xolay.com\/de\/wp-json\/wp\/v2\/types\/page"}],"author":[{"embeddable":true,"href":"https:\/\/xolay.com\/de\/wp-json\/wp\/v2\/users\/5"}],"replies":[{"embeddable":true,"href":"https:\/\/xolay.com\/de\/wp-json\/wp\/v2\/comments?post=1866"}],"version-history":[{"count":0,"href":"https:\/\/xolay.com\/de\/wp-json\/wp\/v2\/pages\/1866\/revisions"}],"wp:attachment":[{"href":"https:\/\/xolay.com\/de\/wp-json\/wp\/v2\/media?parent=1866"}],"curies":[{"name":"wp","href":"https:\/\/api.w.org\/{rel}","templated":true}]}}